{"id":501,"date":"2026-01-28T12:47:30","date_gmt":"2026-01-28T03:47:30","guid":{"rendered":"https:\/\/visithokuriku.com\/?page_id=501"},"modified":"2026-01-30T12:15:04","modified_gmt":"2026-01-30T03:15:04","slug":"top","status":"publish","type":"page","link":"https:\/\/visithokuriku.com\/","title":{"rendered":"TOP"},"content":{"rendered":"","protected":false},"excerpt":{"rendered":"","protected":false},"author":1,"featured_media":0,"parent":0,"menu_order":1,"comment_status":"closed","ping_status":"closed","template":"top.php","meta":{"_acf_changed":false,"_locale":"fr_FR","_original_post":"http:\/\/visithokuriku.sub.jp\/kanri\/?page_id=2","footnotes":""},"class_list":["post-501","page","type-page","status-publish","hentry","fr-FR"],"acf":[],"yoast_head":"<!-- This site is optimized with the Yoast SEO plugin v26.7 - https:\/\/yoast.com\/wordpress\/plugins\/seo\/ -->\n<title>Visiter Hokuriku - Moments uniques. Artisanat intemporel. Beaut\u00e9 au quotidien.<\/title>\n<meta name=\"description\" content=\"Hokuriku est une r\u00e9gion d\u2019une profondeur discr\u00e8te, o\u00f9 la nature, l\u2019artisanat, la spiritualit\u00e9 et la beaut\u00e9 du quotidien fa\u00e7onnent un art de vivre plus conscient. D\u00e9couvrez son essence \u00e0 travers des r\u00e9cits et des exp\u00e9riences authentiques.\" \/>\n<meta name=\"robots\" content=\"index, follow, max-snippet:-1, max-image-preview:large, max-video-preview:-1\" \/>\n<link rel=\"canonical\" href=\"https:\/\/visithokuriku.com\/fr\/\" \/>\n<meta property=\"og:locale\" content=\"fr_FR\" \/>\n<meta property=\"og:type\" content=\"article\" \/>\n<meta property=\"og:title\" content=\"Visiter Hokuriku - Moments uniques. Artisanat intemporel. Beaut\u00e9 au quotidien.\" \/>\n<meta property=\"og:description\" content=\"Hokuriku est une r\u00e9gion d\u2019une profondeur discr\u00e8te, o\u00f9 la nature, l\u2019artisanat, la spiritualit\u00e9 et la beaut\u00e9 du quotidien fa\u00e7onnent un art de vivre plus conscient. D\u00e9couvrez son essence \u00e0 travers des r\u00e9cits et des exp\u00e9riences authentiques.\" \/>\n<meta property=\"og:url\" content=\"https:\/\/visithokuriku.com\/fr\/\" \/>\n<meta property=\"og:site_name\" content=\"VISIT HOKURIKU\" \/>\n<meta property=\"article:modified_time\" content=\"2026-01-30T03:15:04+00:00\" \/>\n<meta property=\"og:image\" content=\"https:\/\/visithokuriku.com\/kanri\/wp-content\/uploads\/2026\/01\/ogp.jpg\" \/>\n\t<meta property=\"og:image:width\" content=\"2400\" \/>\n\t<meta property=\"og:image:height\" content=\"1350\" \/>\n\t<meta property=\"og:image:type\" content=\"image\/jpeg\" \/>\n<meta name=\"twitter:card\" content=\"summary_large_image\" \/>\n<script type=\"application\/ld+json\" class=\"yoast-schema-graph\">{\"@context\":\"https:\/\/schema.org\",\"@graph\":[{\"@type\":\"WebPage\",\"@id\":\"https:\/\/visithokuriku.com\/fr\/\",\"url\":\"https:\/\/visithokuriku.com\/fr\/\",\"name\":\"Visiter Hokuriku - Moments uniques. Artisanat intemporel. Beaut\u00e9 au quotidien.\",\"isPartOf\":{\"@id\":\"https:\/\/visithokuriku.com\/#website\"},\"datePublished\":\"2026-01-28T03:47:30+00:00\",\"dateModified\":\"2026-01-30T03:15:04+00:00\",\"description\":\"Hokuriku est une r\u00e9gion d\u2019une profondeur discr\u00e8te, o\u00f9 la nature, l\u2019artisanat, la spiritualit\u00e9 et la beaut\u00e9 du quotidien fa\u00e7onnent un art de vivre plus conscient. D\u00e9couvrez son essence \u00e0 travers des r\u00e9cits et des exp\u00e9riences authentiques.\",\"breadcrumb\":{\"@id\":\"https:\/\/visithokuriku.com\/fr\/#breadcrumb\"},\"inLanguage\":\"fr-FR\",\"potentialAction\":[{\"@type\":\"ReadAction\",\"target\":[\"https:\/\/visithokuriku.com\/fr\/\"]}]},{\"@type\":\"BreadcrumbList\",\"@id\":\"https:\/\/visithokuriku.com\/fr\/#breadcrumb\",\"itemListElement\":[{\"@type\":\"ListItem\",\"position\":1,\"name\":\"TOP\",\"item\":\"https:\/\/visithokuriku.com\/fr\/\"},{\"@type\":\"ListItem\",\"position\":2,\"name\":\"TOP\"}]},{\"@type\":\"WebSite\",\"@id\":\"https:\/\/visithokuriku.com\/#website\",\"url\":\"https:\/\/visithokuriku.com\/\",\"name\":\"VISIT HOKURIKU\",\"description\":\"Mindful Moments. Timeless Crafts. Daily Beauty.\",\"potentialAction\":[{\"@type\":\"SearchAction\",\"target\":{\"@type\":\"EntryPoint\",\"urlTemplate\":\"https:\/\/visithokuriku.com\/?s={search_term_string}\"},\"query-input\":{\"@type\":\"PropertyValueSpecification\",\"valueRequired\":true,\"valueName\":\"search_term_string\"}}],\"inLanguage\":\"fr-FR\"}]}<\/script>\n<!-- \/ Yoast SEO plugin. -->","yoast_head_json":{"title":"Visiter Hokuriku - Moments uniques. Artisanat intemporel. Beaut\u00e9 au quotidien.","description":"Hokuriku est une r\u00e9gion d\u2019une profondeur discr\u00e8te, o\u00f9 la nature, l\u2019artisanat, la spiritualit\u00e9 et la beaut\u00e9 du quotidien fa\u00e7onnent un art de vivre plus conscient. D\u00e9couvrez son essence \u00e0 travers des r\u00e9cits et des exp\u00e9riences authentiques.","robots":{"index":"index","follow":"follow","max-snippet":"max-snippet:-1","max-image-preview":"max-image-preview:large","max-video-preview":"max-video-preview:-1"},"canonical":"https:\/\/visithokuriku.com\/fr\/","og_locale":"fr_FR","og_type":"article","og_title":"Visiter Hokuriku - Moments uniques. Artisanat intemporel. Beaut\u00e9 au quotidien.","og_description":"Hokuriku est une r\u00e9gion d\u2019une profondeur discr\u00e8te, o\u00f9 la nature, l\u2019artisanat, la spiritualit\u00e9 et la beaut\u00e9 du quotidien fa\u00e7onnent un art de vivre plus conscient. D\u00e9couvrez son essence \u00e0 travers des r\u00e9cits et des exp\u00e9riences authentiques.","og_url":"https:\/\/visithokuriku.com\/fr\/","og_site_name":"VISIT HOKURIKU","article_modified_time":"2026-01-30T03:15:04+00:00","og_image":[{"width":2400,"height":1350,"url":"https:\/\/visithokuriku.com\/kanri\/wp-content\/uploads\/2026\/01\/ogp.jpg","type":"image\/jpeg"}],"twitter_card":"summary_large_image","schema":{"@context":"https:\/\/schema.org","@graph":[{"@type":"WebPage","@id":"https:\/\/visithokuriku.com\/fr\/","url":"https:\/\/visithokuriku.com\/fr\/","name":"Visiter Hokuriku - Moments uniques. Artisanat intemporel. Beaut\u00e9 au quotidien.","isPartOf":{"@id":"https:\/\/visithokuriku.com\/#website"},"datePublished":"2026-01-28T03:47:30+00:00","dateModified":"2026-01-30T03:15:04+00:00","description":"Hokuriku est une r\u00e9gion d\u2019une profondeur discr\u00e8te, o\u00f9 la nature, l\u2019artisanat, la spiritualit\u00e9 et la beaut\u00e9 du quotidien fa\u00e7onnent un art de vivre plus conscient. D\u00e9couvrez son essence \u00e0 travers des r\u00e9cits et des exp\u00e9riences authentiques.","breadcrumb":{"@id":"https:\/\/visithokuriku.com\/fr\/#breadcrumb"},"inLanguage":"fr-FR","potentialAction":[{"@type":"ReadAction","target":["https:\/\/visithokuriku.com\/fr\/"]}]},{"@type":"BreadcrumbList","@id":"https:\/\/visithokuriku.com\/fr\/#breadcrumb","itemListElement":[{"@type":"ListItem","position":1,"name":"TOP","item":"https:\/\/visithokuriku.com\/fr\/"},{"@type":"ListItem","position":2,"name":"TOP"}]},{"@type":"WebSite","@id":"https:\/\/visithokuriku.com\/#website","url":"https:\/\/visithokuriku.com\/","name":"VISIT HOKURIKU","description":"Mindful Moments. Timeless Crafts. Daily Beauty.","potentialAction":[{"@type":"SearchAction","target":{"@type":"EntryPoint","urlTemplate":"https:\/\/visithokuriku.com\/?s={search_term_string}"},"query-input":{"@type":"PropertyValueSpecification","valueRequired":true,"valueName":"search_term_string"}}],"inLanguage":"fr-FR"}]}},"_links":{"self":[{"href":"https:\/\/visithokuriku.com\/wp-json\/wp\/v2\/pages\/501","targetHints":{"allow":["GET"]}}],"collection":[{"href":"https:\/\/visithokuriku.com\/wp-json\/wp\/v2\/pages"}],"about":[{"href":"https:\/\/visithokuriku.com\/wp-json\/wp\/v2\/types\/page"}],"author":[{"embeddable":true,"href":"https:\/\/visithokuriku.com\/wp-json\/wp\/v2\/users\/1"}],"replies":[{"embeddable":true,"href":"https:\/\/visithokuriku.com\/wp-json\/wp\/v2\/comments?post=501"}],"version-history":[{"count":7,"href":"https:\/\/visithokuriku.com\/wp-json\/wp\/v2\/pages\/501\/revisions"}],"predecessor-version":[{"id":550,"href":"https:\/\/visithokuriku.com\/wp-json\/wp\/v2\/pages\/501\/revisions\/550"}],"wp:attachment":[{"href":"https:\/\/visithokuriku.com\/wp-json\/wp\/v2\/media?parent=501"}],"curies":[{"name":"wp","href":"https:\/\/api.w.org\/{rel}","templated":true}]}}