{"id":484,"date":"2026-01-28T11:48:05","date_gmt":"2026-01-28T02:48:05","guid":{"rendered":"https:\/\/visithokuriku.com\/?page_id=484"},"modified":"2026-01-30T12:16:55","modified_gmt":"2026-01-30T03:16:55","slug":"privacy-cookie-policy","status":"publish","type":"page","link":"https:\/\/visithokuriku.com\/fr\/privacy-cookie-policy\/","title":{"rendered":"Politique de confidentialit\u00e9 et de cookies"},"content":{"rendered":"","protected":false},"excerpt":{"rendered":"","protected":false},"author":1,"featured_media":0,"parent":0,"menu_order":9,"comment_status":"closed","ping_status":"closed","template":"policy.php","meta":{"_acf_changed":false,"_locale":"fr_FR","_original_post":"http:\/\/visithokuriku.sub.jp\/kanri\/?page_id=3","footnotes":""},"class_list":["post-484","page","type-page","status-publish","hentry","fr-FR"],"acf":[],"yoast_head":"<!-- This site is optimized with the Yoast SEO plugin v26.7 - https:\/\/yoast.com\/wordpress\/plugins\/seo\/ -->\n<title>Politique de confidentialit\u00e9 et de cookies - VISIT HOKURIKU<\/title>\n<meta name=\"description\" content=\"La politique de confidentialit\u00e9 et la politique relative aux cookies expliquent comment ce site web traite les donn\u00e9es, utilise les cookies et prot\u00e8ge la vie priv\u00e9e des utilisateurs, conform\u00e9ment aux normes applicables en mati\u00e8re de protection des donn\u00e9es.\" \/>\n<meta name=\"robots\" content=\"index, follow, max-snippet:-1, max-image-preview:large, max-video-preview:-1\" \/>\n<link rel=\"canonical\" href=\"https:\/\/visithokuriku.com\/fr\/privacy-cookie-policy\/\" \/>\n<meta property=\"og:locale\" content=\"fr_FR\" \/>\n<meta property=\"og:type\" content=\"article\" \/>\n<meta property=\"og:title\" content=\"Politique de confidentialit\u00e9 et de cookies - VISIT HOKURIKU\" \/>\n<meta property=\"og:description\" content=\"La politique de confidentialit\u00e9 et la politique relative aux cookies expliquent comment ce site web traite les donn\u00e9es, utilise les cookies et prot\u00e8ge la vie priv\u00e9e des utilisateurs, conform\u00e9ment aux normes applicables en mati\u00e8re de protection des donn\u00e9es.\" \/>\n<meta property=\"og:url\" content=\"https:\/\/visithokuriku.com\/fr\/privacy-cookie-policy\/\" \/>\n<meta property=\"og:site_name\" content=\"VISIT HOKURIKU\" \/>\n<meta property=\"article:modified_time\" content=\"2026-01-30T03:16:55+00:00\" \/>\n<meta property=\"og:image\" content=\"https:\/\/visithokuriku.com\/kanri\/wp-content\/uploads\/2026\/01\/ogp.jpg\" \/>\n\t<meta property=\"og:image:width\" content=\"2400\" \/>\n\t<meta property=\"og:image:height\" content=\"1350\" \/>\n\t<meta property=\"og:image:type\" content=\"image\/jpeg\" \/>\n<meta name=\"twitter:card\" content=\"summary_large_image\" \/>\n<script type=\"application\/ld+json\" class=\"yoast-schema-graph\">{\"@context\":\"https:\/\/schema.org\",\"@graph\":[{\"@type\":\"WebPage\",\"@id\":\"https:\/\/visithokuriku.com\/fr\/privacy-cookie-policy\/\",\"url\":\"https:\/\/visithokuriku.com\/fr\/privacy-cookie-policy\/\",\"name\":\"Politique de confidentialit\u00e9 et de cookies - VISIT HOKURIKU\",\"isPartOf\":{\"@id\":\"https:\/\/visithokuriku.com\/#website\"},\"datePublished\":\"2026-01-28T02:48:05+00:00\",\"dateModified\":\"2026-01-30T03:16:55+00:00\",\"description\":\"La politique de confidentialit\u00e9 et la politique relative aux cookies expliquent comment ce site web traite les donn\u00e9es, utilise les cookies et prot\u00e8ge la vie priv\u00e9e des utilisateurs, conform\u00e9ment aux normes applicables en mati\u00e8re de protection des donn\u00e9es.\",\"breadcrumb\":{\"@id\":\"https:\/\/visithokuriku.com\/fr\/privacy-cookie-policy\/#breadcrumb\"},\"inLanguage\":\"fr-FR\",\"potentialAction\":[{\"@type\":\"ReadAction\",\"target\":[\"https:\/\/visithokuriku.com\/fr\/privacy-cookie-policy\/\"]}]},{\"@type\":\"BreadcrumbList\",\"@id\":\"https:\/\/visithokuriku.com\/fr\/privacy-cookie-policy\/#breadcrumb\",\"itemListElement\":[{\"@type\":\"ListItem\",\"position\":1,\"name\":\"TOP\",\"item\":\"https:\/\/visithokuriku.com\/fr\/\"},{\"@type\":\"ListItem\",\"position\":2,\"name\":\"Politique de confidentialit\u00e9 et de cookies\"}]},{\"@type\":\"WebSite\",\"@id\":\"https:\/\/visithokuriku.com\/#website\",\"url\":\"https:\/\/visithokuriku.com\/\",\"name\":\"VISIT HOKURIKU\",\"description\":\"Mindful Moments. Timeless Crafts. Daily Beauty.\",\"potentialAction\":[{\"@type\":\"SearchAction\",\"target\":{\"@type\":\"EntryPoint\",\"urlTemplate\":\"https:\/\/visithokuriku.com\/?s={search_term_string}\"},\"query-input\":{\"@type\":\"PropertyValueSpecification\",\"valueRequired\":true,\"valueName\":\"search_term_string\"}}],\"inLanguage\":\"fr-FR\"}]}<\/script>\n<!-- \/ Yoast SEO plugin. -->","yoast_head_json":{"title":"Politique de confidentialit\u00e9 et de cookies - VISIT HOKURIKU","description":"La politique de confidentialit\u00e9 et la politique relative aux cookies expliquent comment ce site web traite les donn\u00e9es, utilise les cookies et prot\u00e8ge la vie priv\u00e9e des utilisateurs, conform\u00e9ment aux normes applicables en mati\u00e8re de protection des donn\u00e9es.","robots":{"index":"index","follow":"follow","max-snippet":"max-snippet:-1","max-image-preview":"max-image-preview:large","max-video-preview":"max-video-preview:-1"},"canonical":"https:\/\/visithokuriku.com\/fr\/privacy-cookie-policy\/","og_locale":"fr_FR","og_type":"article","og_title":"Politique de confidentialit\u00e9 et de cookies - VISIT HOKURIKU","og_description":"La politique de confidentialit\u00e9 et la politique relative aux cookies expliquent comment ce site web traite les donn\u00e9es, utilise les cookies et prot\u00e8ge la vie priv\u00e9e des utilisateurs, conform\u00e9ment aux normes applicables en mati\u00e8re de protection des donn\u00e9es.","og_url":"https:\/\/visithokuriku.com\/fr\/privacy-cookie-policy\/","og_site_name":"VISIT HOKURIKU","article_modified_time":"2026-01-30T03:16:55+00:00","og_image":[{"width":2400,"height":1350,"url":"https:\/\/visithokuriku.com\/kanri\/wp-content\/uploads\/2026\/01\/ogp.jpg","type":"image\/jpeg"}],"twitter_card":"summary_large_image","schema":{"@context":"https:\/\/schema.org","@graph":[{"@type":"WebPage","@id":"https:\/\/visithokuriku.com\/fr\/privacy-cookie-policy\/","url":"https:\/\/visithokuriku.com\/fr\/privacy-cookie-policy\/","name":"Politique de confidentialit\u00e9 et de cookies - VISIT HOKURIKU","isPartOf":{"@id":"https:\/\/visithokuriku.com\/#website"},"datePublished":"2026-01-28T02:48:05+00:00","dateModified":"2026-01-30T03:16:55+00:00","description":"La politique de confidentialit\u00e9 et la politique relative aux cookies expliquent comment ce site web traite les donn\u00e9es, utilise les cookies et prot\u00e8ge la vie priv\u00e9e des utilisateurs, conform\u00e9ment aux normes applicables en mati\u00e8re de protection des donn\u00e9es.","breadcrumb":{"@id":"https:\/\/visithokuriku.com\/fr\/privacy-cookie-policy\/#breadcrumb"},"inLanguage":"fr-FR","potentialAction":[{"@type":"ReadAction","target":["https:\/\/visithokuriku.com\/fr\/privacy-cookie-policy\/"]}]},{"@type":"BreadcrumbList","@id":"https:\/\/visithokuriku.com\/fr\/privacy-cookie-policy\/#breadcrumb","itemListElement":[{"@type":"ListItem","position":1,"name":"TOP","item":"https:\/\/visithokuriku.com\/fr\/"},{"@type":"ListItem","position":2,"name":"Politique de confidentialit\u00e9 et de cookies"}]},{"@type":"WebSite","@id":"https:\/\/visithokuriku.com\/#website","url":"https:\/\/visithokuriku.com\/","name":"VISIT HOKURIKU","description":"Mindful Moments. Timeless Crafts. Daily Beauty.","potentialAction":[{"@type":"SearchAction","target":{"@type":"EntryPoint","urlTemplate":"https:\/\/visithokuriku.com\/?s={search_term_string}"},"query-input":{"@type":"PropertyValueSpecification","valueRequired":true,"valueName":"search_term_string"}}],"inLanguage":"fr-FR"}]}},"_links":{"self":[{"href":"https:\/\/visithokuriku.com\/wp-json\/wp\/v2\/pages\/484","targetHints":{"allow":["GET"]}}],"collection":[{"href":"https:\/\/visithokuriku.com\/wp-json\/wp\/v2\/pages"}],"about":[{"href":"https:\/\/visithokuriku.com\/wp-json\/wp\/v2\/types\/page"}],"author":[{"embeddable":true,"href":"https:\/\/visithokuriku.com\/wp-json\/wp\/v2\/users\/1"}],"replies":[{"embeddable":true,"href":"https:\/\/visithokuriku.com\/wp-json\/wp\/v2\/comments?post=484"}],"version-history":[{"count":2,"href":"https:\/\/visithokuriku.com\/wp-json\/wp\/v2\/pages\/484\/revisions"}],"predecessor-version":[{"id":509,"href":"https:\/\/visithokuriku.com\/wp-json\/wp\/v2\/pages\/484\/revisions\/509"}],"wp:attachment":[{"href":"https:\/\/visithokuriku.com\/wp-json\/wp\/v2\/media?parent=484"}],"curies":[{"name":"wp","href":"https:\/\/api.w.org\/{rel}","templated":true}]}}