{"id":481,"date":"2026-01-28T11:29:17","date_gmt":"2026-01-28T02:29:17","guid":{"rendered":"https:\/\/visithokuriku.com\/?page_id=481"},"modified":"2026-01-30T12:16:17","modified_gmt":"2026-01-30T03:16:17","slug":"site-policy","status":"publish","type":"page","link":"https:\/\/visithokuriku.com\/fr\/site-policy\/","title":{"rendered":"Politique du site"},"content":{"rendered":"","protected":false},"excerpt":{"rendered":"","protected":false},"author":1,"featured_media":0,"parent":0,"menu_order":6,"comment_status":"closed","ping_status":"closed","template":"policy.php","meta":{"_acf_changed":false,"_locale":"fr_FR","_original_post":"https:\/\/visithokuriku.com\/?page_id=399","footnotes":""},"class_list":["post-481","page","type-page","status-publish","hentry","fr-FR"],"acf":[],"yoast_head":"<!-- This site is optimized with the Yoast SEO plugin v26.7 - https:\/\/yoast.com\/wordpress\/plugins\/seo\/ -->\n<title>Politique du site - VISIT HOKURIKU<\/title>\n<meta name=\"description\" content=\"La politique du site d\u00e9taille les conditions, les r\u00e8gles et les clauses de non-responsabilit\u00e9 applicables \u00e0 l\u2019utilisation de ce site web.\" \/>\n<meta name=\"robots\" content=\"index, follow, max-snippet:-1, max-image-preview:large, max-video-preview:-1\" \/>\n<link rel=\"canonical\" href=\"https:\/\/visithokuriku.com\/fr\/site-policy\/\" \/>\n<meta property=\"og:locale\" content=\"fr_FR\" \/>\n<meta property=\"og:type\" content=\"article\" \/>\n<meta property=\"og:title\" content=\"Politique du site - VISIT HOKURIKU\" \/>\n<meta property=\"og:description\" content=\"La politique du site d\u00e9taille les conditions, les r\u00e8gles et les clauses de non-responsabilit\u00e9 applicables \u00e0 l\u2019utilisation de ce site web.\" \/>\n<meta property=\"og:url\" content=\"https:\/\/visithokuriku.com\/fr\/site-policy\/\" \/>\n<meta property=\"og:site_name\" content=\"VISIT HOKURIKU\" \/>\n<meta property=\"article:modified_time\" content=\"2026-01-30T03:16:17+00:00\" \/>\n<meta property=\"og:image\" content=\"https:\/\/visithokuriku.com\/kanri\/wp-content\/uploads\/2026\/01\/ogp.jpg\" \/>\n\t<meta property=\"og:image:width\" content=\"2400\" \/>\n\t<meta property=\"og:image:height\" content=\"1350\" \/>\n\t<meta property=\"og:image:type\" content=\"image\/jpeg\" \/>\n<meta name=\"twitter:card\" content=\"summary_large_image\" \/>\n<script type=\"application\/ld+json\" class=\"yoast-schema-graph\">{\"@context\":\"https:\/\/schema.org\",\"@graph\":[{\"@type\":\"WebPage\",\"@id\":\"https:\/\/visithokuriku.com\/fr\/site-policy\/\",\"url\":\"https:\/\/visithokuriku.com\/fr\/site-policy\/\",\"name\":\"Politique du site - VISIT HOKURIKU\",\"isPartOf\":{\"@id\":\"https:\/\/visithokuriku.com\/#website\"},\"datePublished\":\"2026-01-28T02:29:17+00:00\",\"dateModified\":\"2026-01-30T03:16:17+00:00\",\"description\":\"La politique du site d\u00e9taille les conditions, les r\u00e8gles et les clauses de non-responsabilit\u00e9 applicables \u00e0 l\u2019utilisation de ce site web.\",\"breadcrumb\":{\"@id\":\"https:\/\/visithokuriku.com\/fr\/site-policy\/#breadcrumb\"},\"inLanguage\":\"fr-FR\",\"potentialAction\":[{\"@type\":\"ReadAction\",\"target\":[\"https:\/\/visithokuriku.com\/fr\/site-policy\/\"]}]},{\"@type\":\"BreadcrumbList\",\"@id\":\"https:\/\/visithokuriku.com\/fr\/site-policy\/#breadcrumb\",\"itemListElement\":[{\"@type\":\"ListItem\",\"position\":1,\"name\":\"TOP\",\"item\":\"https:\/\/visithokuriku.com\/fr\/\"},{\"@type\":\"ListItem\",\"position\":2,\"name\":\"Politique du site\"}]},{\"@type\":\"WebSite\",\"@id\":\"https:\/\/visithokuriku.com\/#website\",\"url\":\"https:\/\/visithokuriku.com\/\",\"name\":\"VISIT HOKURIKU\",\"description\":\"Mindful Moments. Timeless Crafts. Daily Beauty.\",\"potentialAction\":[{\"@type\":\"SearchAction\",\"target\":{\"@type\":\"EntryPoint\",\"urlTemplate\":\"https:\/\/visithokuriku.com\/?s={search_term_string}\"},\"query-input\":{\"@type\":\"PropertyValueSpecification\",\"valueRequired\":true,\"valueName\":\"search_term_string\"}}],\"inLanguage\":\"fr-FR\"}]}<\/script>\n<!-- \/ Yoast SEO plugin. -->","yoast_head_json":{"title":"Politique du site - VISIT HOKURIKU","description":"La politique du site d\u00e9taille les conditions, les r\u00e8gles et les clauses de non-responsabilit\u00e9 applicables \u00e0 l\u2019utilisation de ce site web.","robots":{"index":"index","follow":"follow","max-snippet":"max-snippet:-1","max-image-preview":"max-image-preview:large","max-video-preview":"max-video-preview:-1"},"canonical":"https:\/\/visithokuriku.com\/fr\/site-policy\/","og_locale":"fr_FR","og_type":"article","og_title":"Politique du site - VISIT HOKURIKU","og_description":"La politique du site d\u00e9taille les conditions, les r\u00e8gles et les clauses de non-responsabilit\u00e9 applicables \u00e0 l\u2019utilisation de ce site web.","og_url":"https:\/\/visithokuriku.com\/fr\/site-policy\/","og_site_name":"VISIT HOKURIKU","article_modified_time":"2026-01-30T03:16:17+00:00","og_image":[{"width":2400,"height":1350,"url":"https:\/\/visithokuriku.com\/kanri\/wp-content\/uploads\/2026\/01\/ogp.jpg","type":"image\/jpeg"}],"twitter_card":"summary_large_image","schema":{"@context":"https:\/\/schema.org","@graph":[{"@type":"WebPage","@id":"https:\/\/visithokuriku.com\/fr\/site-policy\/","url":"https:\/\/visithokuriku.com\/fr\/site-policy\/","name":"Politique du site - VISIT HOKURIKU","isPartOf":{"@id":"https:\/\/visithokuriku.com\/#website"},"datePublished":"2026-01-28T02:29:17+00:00","dateModified":"2026-01-30T03:16:17+00:00","description":"La politique du site d\u00e9taille les conditions, les r\u00e8gles et les clauses de non-responsabilit\u00e9 applicables \u00e0 l\u2019utilisation de ce site web.","breadcrumb":{"@id":"https:\/\/visithokuriku.com\/fr\/site-policy\/#breadcrumb"},"inLanguage":"fr-FR","potentialAction":[{"@type":"ReadAction","target":["https:\/\/visithokuriku.com\/fr\/site-policy\/"]}]},{"@type":"BreadcrumbList","@id":"https:\/\/visithokuriku.com\/fr\/site-policy\/#breadcrumb","itemListElement":[{"@type":"ListItem","position":1,"name":"TOP","item":"https:\/\/visithokuriku.com\/fr\/"},{"@type":"ListItem","position":2,"name":"Politique du site"}]},{"@type":"WebSite","@id":"https:\/\/visithokuriku.com\/#website","url":"https:\/\/visithokuriku.com\/","name":"VISIT HOKURIKU","description":"Mindful Moments. Timeless Crafts. Daily Beauty.","potentialAction":[{"@type":"SearchAction","target":{"@type":"EntryPoint","urlTemplate":"https:\/\/visithokuriku.com\/?s={search_term_string}"},"query-input":{"@type":"PropertyValueSpecification","valueRequired":true,"valueName":"search_term_string"}}],"inLanguage":"fr-FR"}]}},"_links":{"self":[{"href":"https:\/\/visithokuriku.com\/wp-json\/wp\/v2\/pages\/481","targetHints":{"allow":["GET"]}}],"collection":[{"href":"https:\/\/visithokuriku.com\/wp-json\/wp\/v2\/pages"}],"about":[{"href":"https:\/\/visithokuriku.com\/wp-json\/wp\/v2\/types\/page"}],"author":[{"embeddable":true,"href":"https:\/\/visithokuriku.com\/wp-json\/wp\/v2\/users\/1"}],"replies":[{"embeddable":true,"href":"https:\/\/visithokuriku.com\/wp-json\/wp\/v2\/comments?post=481"}],"version-history":[{"count":5,"href":"https:\/\/visithokuriku.com\/wp-json\/wp\/v2\/pages\/481\/revisions"}],"predecessor-version":[{"id":545,"href":"https:\/\/visithokuriku.com\/wp-json\/wp\/v2\/pages\/481\/revisions\/545"}],"wp:attachment":[{"href":"https:\/\/visithokuriku.com\/wp-json\/wp\/v2\/media?parent=481"}],"curies":[{"name":"wp","href":"https:\/\/api.w.org\/{rel}","templated":true}]}}